{"id":71,"date":"2016-06-22T14:32:19","date_gmt":"2016-06-22T13:32:19","guid":{"rendered":"http:\/\/www.merigault.fr\/?page_id=71"},"modified":"2016-06-29T17:32:20","modified_gmt":"2016-06-29T16:32:20","slug":"parcours","status":"publish","type":"page","link":"http:\/\/www.merigault.fr\/index.php\/parcours\/","title":{"rendered":"PARCOURS"},"content":{"rendered":"<p style=\"text-align: justify;\">Dans la lign\u00e9e d&rsquo;illustres pr\u00e9d\u00e9cesseurs, M\u00e9rigault visite le monde avec son carnet de voyage \u00e0 la main. Dessins, collages, aquarelles, r\u00e9alis\u00e9s dans l&rsquo;instant pour garder l&rsquo;\u00e9motion premi\u00e8re d&rsquo;une rencontre.<\/p>\n<blockquote>\n<p style=\"text-align: justify;\"><em>\u00ab\u00a0Lorsque je m&rsquo;arr\u00eate dans un village, les enfants, les femmes, puis les hommes approchent. Dessiner sur le vif favorise le contact avec la population\u00a0\u00bb<\/em> explique l&rsquo;artiste.<\/p>\n<\/blockquote>\n<p style=\"text-align: justify;\">Il traverse ainsi le Maroc, la Mauritanie, le P\u00e9rou, la Bolivie, les Antilles, La Mongolie, le pays Masa\u00ef, Bali, et derni\u00e8rement New York ou le Japon. De retour dans la solitude de son atelier il travaille ses \u00e9tudes sur toiles. On y retrouve fix\u00e9es les traces de ses voyages: sable du d\u00e9sert, tissus Massa\u00ef, p\u00e9tales de fleurs de Bali.<\/p>\n<p style=\"text-align: justify;\">Partout dans ses oeuvres \u00e9clatent les bleus, les jaunes, les rouges, des sc\u00e8nes de vies, des petits m\u00e9tiers, des coutumes. Autant de fen\u00eatres ouvertes sur le monde.<\/p>\n<p style=\"text-align: justify;\">N\u00e9 \u00e0 Paris en 1942, M\u00e9rigault vit et travaille actuellement \u00e0 Saint-Denis-en-Val (Loiret). Peintre voyageur Nombreuses expositions particuli\u00e8res et de groupes en France et \u00e0 l\u2019\u00e9tranger, dont les th\u00e8mes sont le plus souvent ses \u00ab\u00a0impressions de voyage\u00a0\u00bb.<\/p>\n<p style=\"text-align: justify;\">\u00c9cole des Beaux Arts \u2013 Orl\u00e9ans \u00c9cole de d\u00e9coration \u2013 Tours 1985 Prix de la ville d\u2019Orl\u00e9ans Soci\u00e9taire des Artistes Orl\u00e9anais Peintre D\u00e9corateur pour studios de cin\u00e9ma et de t\u00e9l\u00e9vision R\u00e9alisations de trompe-l\u2019\u0153il et de murs peints.<\/p>\n","protected":false},"excerpt":{"rendered":"<p>Dans la lign\u00e9e d&rsquo;illustres pr\u00e9d\u00e9cesseurs, M\u00e9rigault visite le monde avec son carnet de voyage \u00e0 la main. Dessins, collages, aquarelles, r\u00e9alis\u00e9s dans l&rsquo;instant pour garder l&rsquo;\u00e9motion premi\u00e8re d&rsquo;une rencontre. \u00ab\u00a0Lorsque je m&rsquo;arr\u00eate dans un village, les enfants, les femmes, puis les hommes approchent. Dessiner sur le vif favorise le contact avec la population\u00a0\u00bb explique l&rsquo;artiste. [&hellip;]<\/p>\n","protected":false},"author":1,"featured_media":0,"parent":0,"menu_order":0,"comment_status":"closed","ping_status":"closed","template":"","meta":{"spay_email":"","_links_to":"","_links_to_target":""},"jetpack_shortlink":"https:\/\/wp.me\/P7F2l5-19","_links":{"self":[{"href":"http:\/\/www.merigault.fr\/index.php\/wp-json\/wp\/v2\/pages\/71"}],"collection":[{"href":"http:\/\/www.merigault.fr\/index.php\/wp-json\/wp\/v2\/pages"}],"about":[{"href":"http:\/\/www.merigault.fr\/index.php\/wp-json\/wp\/v2\/types\/page"}],"author":[{"embeddable":true,"href":"http:\/\/www.merigault.fr\/index.php\/wp-json\/wp\/v2\/users\/1"}],"replies":[{"embeddable":true,"href":"http:\/\/www.merigault.fr\/index.php\/wp-json\/wp\/v2\/comments?post=71"}],"version-history":[{"count":0,"href":"http:\/\/www.merigault.fr\/index.php\/wp-json\/wp\/v2\/pages\/71\/revisions"}],"wp:attachment":[{"href":"http:\/\/www.merigault.fr\/index.php\/wp-json\/wp\/v2\/media?parent=71"}],"curies":[{"name":"wp","href":"https:\/\/api.w.org\/{rel}","templated":true}]}}